{"id":28,"date":"2020-10-20T20:28:11","date_gmt":"2020-10-20T20:28:11","guid":{"rendered":"http:\/\/adminsec.fi\/index.php\/one-page-express\/"},"modified":"2021-01-04T07:18:07","modified_gmt":"2021-01-04T07:18:07","slug":"one-page-express","status":"publish","type":"page","link":"https:\/\/adminsec.fi\/","title":{"rendered":"Front Page"},"content":{"rendered":"<div  data-label=\"Overlapable\" data-id=\"stripped-features-image-cards-section\" data-category=\"overlapable\" data-=\"\" class=\"features-image-cards-section stripped-features-image-cards-section\" data-overlap=\"true\" id=\"overlapable-3\" style=\"background-color: rgb(255, 255, 255);\">\n<div  class=\"gridContainer\">\n<div  class=\"features-image-cards-innerrow flexbox-list\" data-type=\"row\">\n<div  class=\"features-image-cards-cardcol cp6cols-tablet cp4cols\">\n<div  class=\"features-image-cards-cardrow\"><img decoding=\"async\"  class=\"features-image-cards-featimg\" src=\"http:\/\/adminsec.fi\/wp-content\/uploads\/2020\/10\/Adminsec_vartiointi_640x340.jpg\">\n<div  class=\"features-image-cards-cardtextrow\" data-type=\"column\">\n<h4  class=\"\">Vartiointi- ja j\u00e4rjestyksenvalvonta<\/h4>\n<p  class=\"\">Luotettava yhteisty\u00f6kumppani vuosien ammattitaidolla ja kokemuksella.<\/p>\n\n\n<hr  class=\"features-image-cards-separator\">\n\n<\/div>\n<\/div>\n<\/div>\n<div  class=\"features-image-cards-cardcol cp6cols-tablet cp4cols\">\n<div  class=\"features-image-cards-cardrow\"><img decoding=\"async\"  class=\"features-image-cards-featimg\" src=\"http:\/\/adminsec.fi\/wp-content\/uploads\/2020\/10\/Adminsec_p\u00e4\u00e4k\u00e4ytt\u00f6_640x340.jpg\">\n<div  class=\"features-image-cards-cardtextrow\" data-type=\"column\">\n<h4  class=\"\">Turvaj\u00e4rjestelmien p\u00e4\u00e4k\u00e4ytt\u00f6<\/h4>\n<p  class=\"\">Laaja j\u00e4rjestelm\u00e4osaaminen sek\u00e4 alan paras ammattitaito.<\/p>\n\n\n<hr  class=\"features-image-cards-separator\">\n\n<\/div>\n<\/div>\n<\/div>\n<div  class=\"features-image-cards-cardcol cp6cols-tablet cp4cols\">\n<div  class=\"features-image-cards-cardrow\"><img decoding=\"async\"  class=\"features-image-cards-featimg\" src=\"http:\/\/adminsec.fi\/wp-content\/uploads\/2020\/10\/Adminsec_asiantuntija_640x340.jpg\">\n<div  class=\"features-image-cards-cardtextrow\" data-type=\"column\">\n<h4  class=\"\">Asiantuntijapalvelut<\/h4>\n<p  class=\"\">Ratkaisukeskeinen asiantuntija yrityksesi tukena niin pieniss\u00e4 kuin suurissa turvallisuushaasteissa.<\/p>\n\n\n<hr  class=\"features-image-cards-separator\">\n\n<\/div>\n<\/div>\n<\/div>\n<\/div>\n<\/div>\n<\/div><div  data-label=\"About\" data-id=\"about-four-boxes-section\" data-category=\"about\" class=\"about-four-boxes-section\" id=\"about-2\" style=\"background-color: rgb(255, 255, 255);\"> <div  class=\"gridContainer\"> <div  class=\"about-four-boxes-innerrow flexbox-list\"> <div  class=\"about-four-boxes-imgcol\" data-bg=\"image\" style=\"background-image: url(&quot;http:\/\/adminsec.fi\/wp-content\/uploads\/2020\/10\/Adminsec_nettisivu_logo.jpg&quot;);\"><\/div> <div  class=\"about-four-boxes-textcol\" data-type=\"column\">   <p  class=\"\">\n<br ><br >Toteutamme monipuolisia turvallisuuspalveluja vuosien kokemuksella. Toimintamme kulmakivet ovat vahva asiantuntijuus sek\u00e4 laajat verkostot toimialalla. Toimimme nopeasti, joustavasti ja laadukkaasti asiakasta kuunnellen.\n<br ><br >Ota yhteytt\u00e4, tehd\u00e4\u00e4n yhdess\u00e4 yrityksesi toiminnasta turvallisempaa!\n<br ><br >\n<\/p> <\/div> <div  class=\"about-four-boxes-textcol\" data-type=\"column\">   <i  class=\"fa cp-icon fa4 fa-phone\"><\/i><p  class=\"\">+358 40 664 7860<\/p> <i  class=\"fa cp-icon fa4 fa-at\"><\/i><p  class=\"\">asiakaspalvelu@adminsec.fi<\/p><\/div> <div  class=\"about-four-boxes-imgcol2\" data-bg=\"image\" style=\"background-image: url(&quot;http:\/\/adminsec.fi\/wp-content\/uploads\/2020\/10\/Adminsec_avain-scaled.jpg&quot;);\"><\/div> <\/div> <\/div><\/div><div  data-label=\"Clients\" data-id=\"clients-strip-section\" data-category=\"clients\" class=\"clients-strip-section\" id=\"clients-2\" style=\"background-color: rgb(255, 255, 255);\"> <div  class=\"row_187\" data-type=\"row\" data-add-content=\"false\"> <div  class=\"clients-strip-itemcol cp2cols\"> <div  class=\"middle_align1\"><a  href=\"#\"><img decoding=\"async\"  class=\"clients-strip-itemimg\" src=\"\"><\/a> <\/div> <\/div> <div  class=\"clients-strip-itemcol cp2cols\"> <div  class=\"middle_align1\"><a  href=\"#\"><img decoding=\"async\"  class=\"clients-strip-itemimg\" src=\"\"><\/a> <\/div> <\/div> <div  class=\"clients-strip-itemcol cp2cols\"> <div  class=\"middle_align1\"><a  href=\"#\"><img decoding=\"async\"  class=\"clients-strip-itemimg\" src=\"\"><\/a> <\/div> <\/div> <div  class=\"clients-strip-itemcol cp2cols\"> <div  class=\"middle_align1\"><a href=\"https:\/\/adminsec.fi\" target=\"_blank\" rel=\"noopener noreferrer\"><img decoding=\"async\"  class=\"clients-strip-itemimg\" src=\"\"><\/a> <\/div> <\/div>  <div  class=\"clients-strip-itemcol cp2cols\"> <div  class=\"middle_align1\"><a href=\"https:\/\/www.vastuugroup.fi\/fi-fi\/palvelut\/luotettava-kumppani\" target=\"_blank\" rel=\"noopener noreferrer\" class=\"\"><img decoding=\"async\"  class=\"clients-strip-itemimg\" src=\"http:\/\/adminsec.fi\/wp-content\/uploads\/2021\/01\/Admincon_luotettava_kumppani.jpg\"><\/a> <\/div> <\/div> <\/div><\/div>","protected":false},"excerpt":{"rendered":"<p>Vartiointi- ja j\u00e4rjestyksenvalvonta Luotettava yhteisty\u00f6kumppani vuosien ammattitaidolla ja kokemuksella. Turvaj\u00e4rjestelmien p\u00e4\u00e4k\u00e4ytt\u00f6 Laaja j\u00e4rjestelm\u00e4osaaminen sek\u00e4 alan paras ammattitaito. Asiantuntijapalvelut Ratkaisukeskeinen asiantuntija yrityksesi tukena niin pieniss\u00e4 kuin suurissa turvallisuushaasteissa. Toteutamme monipuolisia turvallisuuspalveluja vuosien kokemuksella. Toimintamme kulmakivet ovat vahva asiantuntijuus sek\u00e4 laajat verkostot toimialalla. Toimimme nopeasti, joustavasti ja laadukkaasti asiakasta kuunnellen. Ota yhteytt\u00e4, tehd\u00e4\u00e4n yhdess\u00e4 yrityksesi toiminnasta turvallisempaa!&hellip; <br \/> <a class=\"button small blue\" href=\"https:\/\/adminsec.fi\/\">Read more<\/a><\/p>\n","protected":false},"author":1,"featured_media":0,"parent":0,"menu_order":0,"comment_status":"closed","ping_status":"closed","template":"","meta":[],"_links":{"self":[{"href":"https:\/\/adminsec.fi\/index.php\/wp-json\/wp\/v2\/pages\/28"}],"collection":[{"href":"https:\/\/adminsec.fi\/index.php\/wp-json\/wp\/v2\/pages"}],"about":[{"href":"https:\/\/adminsec.fi\/index.php\/wp-json\/wp\/v2\/types\/page"}],"author":[{"embeddable":true,"href":"https:\/\/adminsec.fi\/index.php\/wp-json\/wp\/v2\/users\/1"}],"replies":[{"embeddable":true,"href":"https:\/\/adminsec.fi\/index.php\/wp-json\/wp\/v2\/comments?post=28"}],"version-history":[{"count":28,"href":"https:\/\/adminsec.fi\/index.php\/wp-json\/wp\/v2\/pages\/28\/revisions"}],"predecessor-version":[{"id":108,"href":"https:\/\/adminsec.fi\/index.php\/wp-json\/wp\/v2\/pages\/28\/revisions\/108"}],"wp:attachment":[{"href":"https:\/\/adminsec.fi\/index.php\/wp-json\/wp\/v2\/media?parent=28"}],"curies":[{"name":"wp","href":"https:\/\/api.w.org\/{rel}","templated":true}]}}